{"id":15,"date":"2023-10-15T06:07:09","date_gmt":"2023-10-15T04:07:09","guid":{"rendered":"https:\/\/esquizofreniaparanoide.com\/?page_id=15"},"modified":"2023-10-15T11:59:42","modified_gmt":"2023-10-15T09:59:42","slug":"esquizofrenia-paranoide","status":"publish","type":"page","link":"https:\/\/esquizofreniaparanoide.com\/","title":{"rendered":"Esquizofrenia paranoide"},"content":{"rendered":"\n<p>La esquizofrenia paranoide es una enfermedad mental cuyos s\u00edntomas positivos son delirios y alucinaciones. Los delirios son del tipo persecuci\u00f3n y vigilancia y las alucinaciones hacen referencia a voces ajenas que tienen en su mente pero que no son su propia voz interna.<\/p>\n\n\n\n<p><strong>Fases de la enfermedad<\/strong><\/p>\n\n\n\n<p>Estas son las fases por las cuales la mayor\u00eda de esquizofr\u00e9nicos paranoides sufren antes de pedir ayuda o ser ayudado por alguien cercano.<\/p>\n\n\n\n<p><strong>1.- Fase<\/strong> <strong>prodr\u00f3mica<\/strong><\/p>\n\n\n\n<p>En esta fase se manifiestan los s\u00edntomas negativos como pueden ser falta de motivaci\u00f3n, aislamiento social, etc. Las personas cercanas al individuo pueden notar este cambio en el comportamiento y dependiendo de la gravedad pueden o no intervenir.<\/p>\n\n\n\n<p><strong>2.- Fase activa<\/strong><\/p>\n\n\n\n<p>Aqui se manifiestan los sintomas positivos propios del paranoide como son delirios y alucinaciones. De esta manera la percepci\u00f3n de la realidad es diferente a la de una persona sin esquizofrenia. <\/p>\n\n\n\n<p>&#8211; <strong>Delirios de control<\/strong> hacen referencia a la creencia de que son vigilados y perseguidos con una motivaci\u00f3n de hacer da\u00f1o. <\/p>\n\n\n\n<p><strong>&#8211; Delirios de referencia<\/strong> es la creencia de que alguien te manda mensajes indirectamente a trav\u00e9s de personas, vestimentas, gestos, etc.<\/p>\n\n\n\n<p>&#8211; <strong>Alucinaciones<\/strong> son principalmente voces internas que no son de la mente del individuo que las sufre.<\/p>\n\n\n\n<p>Adem\u00e1s de la percepci\u00f3n su funci\u00f3n cognitiva est\u00e1 deteriorada, lo que significa que pueden presentar: <\/p>\n\n\n\n<p>&#8211; un <strong>discurso desorganizado<\/strong> caractizado por dar respuestas no relacionadas a una pregunta directa, hablar de cosas il\u00f3gicas o hablar de varias cosas sin que tengan sentido ni relaci\u00f3n.<\/p>\n\n\n\n<p>&#8211; el <strong>comportamiento desorganizado<\/strong> tambi\u00e9n es parte de la fase activa y se caracteriza por hacer cosas sin un motivo claro o reacciones contrarias a las de una persona sana en situaciones cotidianas.<\/p>\n\n\n\n<p><strong>3.- Fase residual<\/strong><\/p>\n\n\n\n<p>En esta fase la persona que sufre la enfermedad comienza a recibir tratamiento con antipsic\u00f3ticos y terapia psicol\u00f3gica. A\u00fan as\u00ed los s\u00edntomas negativos pueden seguir presentes. <\/p>\n\n\n\n<p>Una vez bajo tratamiento farmacologico se trata de mantener al paciente estable y c\u00f3modo en su vida, una buena opcion para combinar con la medicaci\u00f3n es la terapia cognitiva conductual.<\/p>\n\n\n\n<p>La <strong>terapia cognitiva conductual<\/strong> trata de mejorar la manera en la que piensas, te comportas y como reacciones a situaciones diversas de la vida.<\/p>\n\n\n\n<p>Con esta terapia trabajan con los pensamientos, sentimientos, acciones y sensaciones f\u00edsicas de manera que todos est\u00e1n interconectados.<\/p>\n\n\n\n<p>El <strong>objetivo<\/strong> <strong>TTC<\/strong> es ofrecer maneras positivas de enfrentarse a problemas, a menudo dividi\u00e9ndolos en bloques peque\u00f1os para mayor efectividad a la hora de enfrentarse a ello.  <\/p>\n\n\n\n<p>Las <strong>sesiones<\/strong> son de una o dos a la semana, en total entre 6 y 20 con una duraci\u00f3n de 30 min o 60 min.<\/p>\n\n\n\n<p>La <strong>finalidad<\/strong> de estas sesiones son dividir tus problemas en partes y as\u00ed filtrarlos para saber si es \u00fatil fijarse en ellos o no. Es importante saber c\u00f3mo te afectan a ti y como es la relaci\u00f3n entre ellos.<\/p>\n\n\n\n<p>Al finalizar con la terapia el paciente tendr\u00e1 estrategias para enfrentarse a sus problemas en el d\u00eda a d\u00eda.<\/p>\n","protected":false},"excerpt":{"rendered":"<p>La esquizofrenia paranoide es una enfermedad mental cuyos s\u00edntomas positivos son delirios y alucinaciones. Los delirios son del tipo persecuci\u00f3n y vigilancia y las alucinaciones hacen referencia a voces ajenas que tienen en su mente pero que no son su propia voz interna. Fases de la enfermedad Estas son las fases por las cuales la &hellip; <a href=\"https:\/\/esquizofreniaparanoide.com\/\" class=\"more-link\">Sigue leyendo <span class=\"screen-reader-text\">Esquizofrenia paranoide<\/span><\/a><\/p>\n","protected":false},"author":1,"featured_media":0,"parent":0,"menu_order":0,"comment_status":"closed","ping_status":"closed","template":"","meta":{"_monsterinsights_skip_tracking":false,"_monsterinsights_sitenote_active":false,"_monsterinsights_sitenote_note":"","_monsterinsights_sitenote_category":0,"footnotes":""},"aioseo_notices":[],"_links":{"self":[{"href":"https:\/\/esquizofreniaparanoide.com\/index.php?rest_route=\/wp\/v2\/pages\/15"}],"collection":[{"href":"https:\/\/esquizofreniaparanoide.com\/index.php?rest_route=\/wp\/v2\/pages"}],"about":[{"href":"https:\/\/esquizofreniaparanoide.com\/index.php?rest_route=\/wp\/v2\/types\/page"}],"author":[{"embeddable":true,"href":"https:\/\/esquizofreniaparanoide.com\/index.php?rest_route=\/wp\/v2\/users\/1"}],"replies":[{"embeddable":true,"href":"https:\/\/esquizofreniaparanoide.com\/index.php?rest_route=%2Fwp%2Fv2%2Fcomments&post=15"}],"version-history":[{"count":14,"href":"https:\/\/esquizofreniaparanoide.com\/index.php?rest_route=\/wp\/v2\/pages\/15\/revisions"}],"predecessor-version":[{"id":42,"href":"https:\/\/esquizofreniaparanoide.com\/index.php?rest_route=\/wp\/v2\/pages\/15\/revisions\/42"}],"wp:attachment":[{"href":"https:\/\/esquizofreniaparanoide.com\/index.php?rest_route=%2Fwp%2Fv2%2Fmedia&parent=15"}],"curies":[{"name":"wp","href":"https:\/\/api.w.org\/{rel}","templated":true}]}}