{"id":47,"date":"2023-10-16T14:40:07","date_gmt":"2023-10-16T12:40:07","guid":{"rendered":"https:\/\/esquizofreniaparanoide.com\/?page_id=47"},"modified":"2023-10-16T14:53:04","modified_gmt":"2023-10-16T12:53:04","slug":"conviertate-en-esquizomax","status":"publish","type":"page","link":"https:\/\/esquizofreniaparanoide.com\/?page_id=47","title":{"rendered":"Convi\u00e9rtate en esquizomax"},"content":{"rendered":"\n<p>Un esquizomax es alguien que lucha por una vida plena y m\u00e1xima a pesar de su enfermedad. <\/p>\n\n\n\n<p>Nosotros los esquizomaxs tenemos los conocimientos para ese tipo de vida en diversos campos como son dinero, alojamiento, socializaci\u00f3n, independencia y prop\u00f3sito.<\/p>\n\n\n\n<p>La situaci\u00f3n de un esquizofr\u00e9nico es diferente al del resto pero los objetivos suelen ser los mismos.<\/p>\n\n\n\n<p>Nuestro mayor objetivo es darnos cuenta que necesitamos tanto autonom\u00eda propia como respaldo externo para tener exito. Esto se consigue completando los 5 campos anteriores tan bien como puedas.<\/p>\n\n\n\n<p>Visita los siguientes enlaces para toda la informaci\u00f3n:<\/p>\n\n\n\n<figure class=\"wp-block-embed is-type-wp-embed is-provider-esquizomax wp-block-embed-esquizomax\"><div class=\"wp-block-embed__wrapper\">\n<blockquote class=\"wp-embedded-content\" data-secret=\"57ZPiA3kD7\"><a href=\"https:\/\/esquizomax.es\/somos-esquizomax\/\">Somos Esquizomax<\/a><\/blockquote><iframe class=\"wp-embedded-content\" sandbox=\"allow-scripts\" security=\"restricted\" style=\"position: absolute; clip: rect(1px, 1px, 1px, 1px);\" title=\"\u00abSomos Esquizomax\u00bb \u2014 Esquizomax\" src=\"https:\/\/esquizomax.es\/somos-esquizomax\/embed\/#?secret=8IHOqw32XH#?secret=57ZPiA3kD7\" data-secret=\"57ZPiA3kD7\" width=\"600\" height=\"338\" frameborder=\"0\" marginwidth=\"0\" marginheight=\"0\" scrolling=\"no\"><\/iframe>\n<\/div><\/figure>\n\n\n\n<figure class=\"wp-block-embed is-type-wp-embed is-provider-esquizomax wp-block-embed-esquizomax\"><div class=\"wp-block-embed__wrapper\">\n<blockquote class=\"wp-embedded-content\" data-secret=\"5Qs7T0OqVq\"><a href=\"https:\/\/esquizomax.es\/ayudate\/\">Ayudate<\/a><\/blockquote><iframe class=\"wp-embedded-content\" sandbox=\"allow-scripts\" security=\"restricted\" style=\"position: absolute; clip: rect(1px, 1px, 1px, 1px);\" title=\"\u00abAyudate\u00bb \u2014 Esquizomax\" src=\"https:\/\/esquizomax.es\/ayudate\/embed\/#?secret=Hmz2fG6WxO#?secret=5Qs7T0OqVq\" data-secret=\"5Qs7T0OqVq\" width=\"600\" height=\"338\" frameborder=\"0\" marginwidth=\"0\" marginheight=\"0\" scrolling=\"no\"><\/iframe>\n<\/div><\/figure>\n","protected":false},"excerpt":{"rendered":"<p>Un esquizomax es alguien que lucha por una vida plena y m\u00e1xima a pesar de su enfermedad. Nosotros los esquizomaxs tenemos los conocimientos para ese tipo de vida en diversos campos como son dinero, alojamiento, socializaci\u00f3n, independencia y prop\u00f3sito. La situaci\u00f3n de un esquizofr\u00e9nico es diferente al del resto pero los objetivos suelen ser los &hellip; <a href=\"https:\/\/esquizofreniaparanoide.com\/?page_id=47\" class=\"more-link\">Sigue leyendo <span class=\"screen-reader-text\">Convi\u00e9rtate en esquizomax<\/span><\/a><\/p>\n","protected":false},"author":1,"featured_media":0,"parent":0,"menu_order":0,"comment_status":"closed","ping_status":"closed","template":"","meta":{"_monsterinsights_skip_tracking":false,"_monsterinsights_sitenote_active":false,"_monsterinsights_sitenote_note":"","_monsterinsights_sitenote_category":0,"footnotes":""},"aioseo_notices":[],"_links":{"self":[{"href":"https:\/\/esquizofreniaparanoide.com\/index.php?rest_route=\/wp\/v2\/pages\/47"}],"collection":[{"href":"https:\/\/esquizofreniaparanoide.com\/index.php?rest_route=\/wp\/v2\/pages"}],"about":[{"href":"https:\/\/esquizofreniaparanoide.com\/index.php?rest_route=\/wp\/v2\/types\/page"}],"author":[{"embeddable":true,"href":"https:\/\/esquizofreniaparanoide.com\/index.php?rest_route=\/wp\/v2\/users\/1"}],"replies":[{"embeddable":true,"href":"https:\/\/esquizofreniaparanoide.com\/index.php?rest_route=%2Fwp%2Fv2%2Fcomments&post=47"}],"version-history":[{"count":6,"href":"https:\/\/esquizofreniaparanoide.com\/index.php?rest_route=\/wp\/v2\/pages\/47\/revisions"}],"predecessor-version":[{"id":57,"href":"https:\/\/esquizofreniaparanoide.com\/index.php?rest_route=\/wp\/v2\/pages\/47\/revisions\/57"}],"wp:attachment":[{"href":"https:\/\/esquizofreniaparanoide.com\/index.php?rest_route=%2Fwp%2Fv2%2Fmedia&parent=47"}],"curies":[{"name":"wp","href":"https:\/\/api.w.org\/{rel}","templated":true}]}}